{"id":97,"date":"2022-12-27T12:56:18","date_gmt":"2022-12-27T11:56:18","guid":{"rendered":"https:\/\/na-spektru.matyasp.eu\/?page_id=97"},"modified":"2023-05-01T19:55:33","modified_gmt":"2023-05-01T17:55:33","slug":"prehled-clanku","status":"publish","type":"page","link":"https:\/\/na-spektru.matyasp.eu\/","title":{"rendered":"P\u0159ehled \u010dl\u00e1nk\u016f"},"content":{"rendered":"\n<p>Informace uveden\u00e9 na webu vych\u00e1zej\u00ed zejm\u00e9na ze zku\u0161enost\u00ed a poznatk\u016f autora webu a poznatk\u016f dal\u0161\u00edch osob. Nejsou zalo\u017eeny striktn\u011b na \u00fadaj\u00edch definovan\u00fdch MKN \u010di DSM a dal\u0161\u00edch v\u0161eobecn\u011b platn\u00fdch l\u00e9ka\u0159sk\u00fdch klasifikac\u00edch.<\/p>\n\n\n\n<p><\/p>\n\n\n\n<p class=\"has-normal-font-size\"><strong>Nejnov\u011bj\u0161\u00ed \u010dl\u00e1nky:<\/strong><\/p>\n\n\n<ul class=\"wp-block-latest-posts__list has-dates has-author wp-block-latest-posts\"><li><a class=\"wp-block-latest-posts__post-title\" href=\"https:\/\/na-spektru.matyasp.eu\/index.php\/2025\/08\/23\/j3-prezentace-a-zvukovy-zaznam-z-besedy-v-policce-dne-24-zari-2024\/\">J3 &#8211; Prezentace a zvukov\u00fd z\u00e1znam z besedy v Poli\u010dce dne 24. z\u00e1\u0159\u00ed 2024<\/a><div class=\"wp-block-latest-posts__post-author\">Autor: MatyasP &#8211; Maty\u00e1\u0161 Pilz<\/div><time datetime=\"2025-08-23T10:58:27+02:00\" class=\"wp-block-latest-posts__post-date\">23. 8. 2025<\/time><\/li>\n<li><a class=\"wp-block-latest-posts__post-title\" href=\"https:\/\/na-spektru.matyasp.eu\/index.php\/2025\/08\/23\/13-j2-motivace\/\">13 \/ J2 &#8211; Motivace<\/a><div class=\"wp-block-latest-posts__post-author\">Autor: MatyasP &#8211; Maty\u00e1\u0161 Pilz<\/div><time datetime=\"2025-08-23T10:52:15+02:00\" class=\"wp-block-latest-posts__post-date\">23. 8. 2025<\/time><\/li>\n<li><a class=\"wp-block-latest-posts__post-title\" href=\"https:\/\/na-spektru.matyasp.eu\/index.php\/2023\/05\/26\/12-p4-upravy-vzdelavacich-podminek\/\">12. \/ P4 &#8211; \u00dapravy vzd\u011bl\u00e1vac\u00edch podm\u00ednek<\/a><div class=\"wp-block-latest-posts__post-author\">Autor: MatyasP &#8211; Maty\u00e1\u0161 Pilz<\/div><time datetime=\"2023-05-26T23:51:09+02:00\" class=\"wp-block-latest-posts__post-date\">26. 5. 2023<\/time><\/li>\n<li><a class=\"wp-block-latest-posts__post-title\" href=\"https:\/\/na-spektru.matyasp.eu\/index.php\/2023\/05\/01\/j1-zmena-nastroje-pro-odber-novinek\/\">J1 &#8211; Zm\u011bna n\u00e1stroje pro odb\u011br novinek<\/a><div class=\"wp-block-latest-posts__post-author\">Autor: MatyasP &#8211; Maty\u00e1\u0161 Pilz<\/div><time datetime=\"2023-05-01T19:29:03+02:00\" class=\"wp-block-latest-posts__post-date\">1. 5. 2023<\/time><\/li>\n<li><a class=\"wp-block-latest-posts__post-title\" href=\"https:\/\/na-spektru.matyasp.eu\/index.php\/2023\/04\/20\/11-p3-rovnani-s-radou\/\">11. \/ P3 &#8211; Rovn\u00e1n\u00ed s \u0159adou<\/a><div class=\"wp-block-latest-posts__post-author\">Autor: MatyasP &#8211; Maty\u00e1\u0161 Pilz<\/div><time datetime=\"2023-04-20T18:15:32+02:00\" class=\"wp-block-latest-posts__post-date\">20. 4. 2023<\/time><\/li>\n<\/ul>\n\n\n<p class=\"has-normal-font-size\"><strong>Zna\u010den\u00ed \u010dl\u00e1nk\u016f:<\/strong><\/p>\n\n\n\n<p style=\"font-style:normal;font-weight:500\">\u010c\u00edslo \u010dl\u00e1nku celkov\u011b \/ rubrika a \u010d\u00edslo \u010dl\u00e1nku dle rubriky<br>A &#8211; Jak to vn\u00edm\u00e1m? (Jak to <strong>A<\/strong>utor vn\u00edm\u00e1)<br>C &#8211; <strong>C<\/strong>hov\u00e1n\u00ed vyj\u00e1d\u0159en\u00e9 pomoc\u00ed vzorc\u016f<br>J &#8211; <strong>J<\/strong>in\u00e9 p\u0159\u00edsp\u011bvky<br>P &#8211; <strong>P<\/strong>\u0159\u00edstup k osob\u00e1m na autistick\u00e9m spektru<br>V &#8211; <strong>V<\/strong>lastnosti osob na autistick\u00e9m spektru<\/p>\n\n\n\n<p class=\"has-normal-font-size\"><strong>Rubriky:<\/strong><\/p>\n\n\n<ul class=\"wp-block-categories-list wp-block-categories\">\t<li class=\"cat-item cat-item-25\"><a href=\"https:\/\/na-spektru.matyasp.eu\/index.php\/category\/pomocivzorcu\/\">Chov\u00e1n\u00ed vyj\u00e1d\u0159en\u00e9 pomoc\u00ed vzorc\u016f<\/a>\n<\/li>\n\t<li class=\"cat-item cat-item-22\"><a href=\"https:\/\/na-spektru.matyasp.eu\/index.php\/category\/jak-to-vnimam\/\">Jak to vn\u00edm\u00e1m?<\/a>\n<\/li>\n\t<li class=\"cat-item cat-item-23\"><a href=\"https:\/\/na-spektru.matyasp.eu\/index.php\/category\/jine\/\">Jin\u00e9 p\u0159\u00edsp\u011bvky<\/a>\n<\/li>\n\t<li class=\"cat-item cat-item-1\"><a href=\"https:\/\/na-spektru.matyasp.eu\/index.php\/category\/nezarazene\/\">Neza\u0159azen\u00e9<\/a>\n<\/li>\n\t<li class=\"cat-item cat-item-30\"><a href=\"https:\/\/na-spektru.matyasp.eu\/index.php\/category\/pristup\/\">P\u0159\u00edstup<\/a>\n<\/li>\n\t<li class=\"cat-item cat-item-24\"><a href=\"https:\/\/na-spektru.matyasp.eu\/index.php\/category\/vlastnosti\/\">Vlastnosti<\/a>\n<\/li>\n<\/ul>\n\n\t\t\t\t<div class = \"wp-block-uagb-taxonomy-list uagb-taxonomy__outer-wrap uagb-layout-grid uagb-block-c49a9fdf    \" style=\"\">\n\t\t\t\t\t\t\t\t\t\t\t\t\n\t\t\t\t\t\t<div class=\"uagb-taxomony-box\">\n\t\t\t\t\t\t\t<a class=\"uagb-tax-link\" href= \"https:\/\/na-spektru.matyasp.eu\/index.php\/category\/pomocivzorcu\/\">\n\t\t\t\t\t\t\t\t<h4 class=\"uagb-tax-title\">Chov\u00e1n\u00ed vyj\u00e1d\u0159en\u00e9 pomoc\u00ed vzorc\u016f\t\t\t\t\t\t\t\t<\/h4>\n\t\t\t\t\t\t\t\t\t\t\t\t\t\t\t\t\t\t1\t\t\t\t\t\t\t\t\t\t\t\t\t\t\t\t\t\t\t\tP\u0159\u00edsp\u011bvek\t\t\t\t\t\t\t\t\t\t\t\t\t\t\t<\/a>\n\t\t\t\t\t\t<\/div>\n\t\t\t\t\t\t\t\n\t\t\t\t\t\t<div class=\"uagb-taxomony-box\">\n\t\t\t\t\t\t\t<a class=\"uagb-tax-link\" href= \"https:\/\/na-spektru.matyasp.eu\/index.php\/category\/jak-to-vnimam\/\">\n\t\t\t\t\t\t\t\t<h4 class=\"uagb-tax-title\">Jak to vn\u00edm\u00e1m?\t\t\t\t\t\t\t\t<\/h4>\n\t\t\t\t\t\t\t\t\t\t\t\t\t\t\t\t\t\t2\t\t\t\t\t\t\t\t\t\t\t\t\t\t\t\t\t\t\t\tP\u0159\u00edsp\u011bvky\t\t\t\t\t\t\t\t\t\t\t\t\t\t\t<\/a>\n\t\t\t\t\t\t<\/div>\n\t\t\t\t\t\t\t\n\t\t\t\t\t\t<div class=\"uagb-taxomony-box\">\n\t\t\t\t\t\t\t<a class=\"uagb-tax-link\" href= \"https:\/\/na-spektru.matyasp.eu\/index.php\/category\/jine\/\">\n\t\t\t\t\t\t\t\t<h4 class=\"uagb-tax-title\">Jin\u00e9 p\u0159\u00edsp\u011bvky\t\t\t\t\t\t\t\t<\/h4>\n\t\t\t\t\t\t\t\t\t\t\t\t\t\t\t\t\t\t2\t\t\t\t\t\t\t\t\t\t\t\t\t\t\t\t\t\t\t\tP\u0159\u00edsp\u011bvky\t\t\t\t\t\t\t\t\t\t\t\t\t\t\t<\/a>\n\t\t\t\t\t\t<\/div>\n\t\t\t\t\t\t\t\n\t\t\t\t\t\t<div class=\"uagb-taxomony-box\">\n\t\t\t\t\t\t\t<a class=\"uagb-tax-link\" href= \"https:\/\/na-spektru.matyasp.eu\/index.php\/category\/nezarazene\/\">\n\t\t\t\t\t\t\t\t<h4 class=\"uagb-tax-title\">Neza\u0159azen\u00e9\t\t\t\t\t\t\t\t<\/h4>\n\t\t\t\t\t\t\t\t\t\t\t\t\t\t\t\t\t\t1\t\t\t\t\t\t\t\t\t\t\t\t\t\t\t\t\t\t\t\tP\u0159\u00edsp\u011bvek\t\t\t\t\t\t\t\t\t\t\t\t\t\t\t<\/a>\n\t\t\t\t\t\t<\/div>\n\t\t\t\t\t\t\t\n\t\t\t\t\t\t<div class=\"uagb-taxomony-box\">\n\t\t\t\t\t\t\t<a class=\"uagb-tax-link\" href= \"https:\/\/na-spektru.matyasp.eu\/index.php\/category\/pristup\/\">\n\t\t\t\t\t\t\t\t<h4 class=\"uagb-tax-title\">P\u0159\u00edstup\t\t\t\t\t\t\t\t<\/h4>\n\t\t\t\t\t\t\t\t\t\t\t\t\t\t\t\t\t\t4\t\t\t\t\t\t\t\t\t\t\t\t\t\t\t\t\t\t\t\tP\u0159\u00edsp\u011bvky\t\t\t\t\t\t\t\t\t\t\t\t\t\t\t<\/a>\n\t\t\t\t\t\t<\/div>\n\t\t\t\t\t\t\t\n\t\t\t\t\t\t<div class=\"uagb-taxomony-box\">\n\t\t\t\t\t\t\t<a class=\"uagb-tax-link\" href= \"https:\/\/na-spektru.matyasp.eu\/index.php\/category\/vlastnosti\/\">\n\t\t\t\t\t\t\t\t<h4 class=\"uagb-tax-title\">Vlastnosti\t\t\t\t\t\t\t\t<\/h4>\n\t\t\t\t\t\t\t\t\t\t\t\t\t\t\t\t\t\t5\t\t\t\t\t\t\t\t\t\t\t\t\t\t\t\t\t\t\t\tP\u0159\u00edsp\u011bvky\t\t\t\t\t\t\t\t\t\t\t\t\t\t\t<\/a>\n\t\t\t\t\t\t<\/div>\n\t\t\t\t\t\t\t\t\t\t\t\t\t\t\t\t\t\t\t\t\t\t\t<\/div>\n\n\t\t\t\n\n\n<p class=\"has-normal-font-size\"><strong>P\u0159ehled \u010dl\u00e1nk\u016f:<\/strong><\/p>\n\n\n\n<div class=\"is-layout-flow wp-block-query\"><ul class=\"is-layout-flow wp-block-post-template\"><li class=\"wp-block-post post-38 post type-post status-publish format-standard hentry category-jak-to-vnimam\">\n<h2 class=\"wp-block-post-title has-small-font-size\">1. \/ A1 &#8211; Vy\u010dn\u00edv\u00e1n\u00ed, nebo nezapad\u00e1n\u00ed?<\/h2>\n\n<div class=\"wp-block-post-date\"><time datetime=\"2022-12-19T09:44:06+01:00\">19. 12. 2022<\/time><\/div>\n<\/li><li class=\"wp-block-post post-277 post type-post status-publish format-standard hentry category-jak-to-vnimam tag-autorovo tag-autorsky-pohled tag-autorsky-pohled-3 tag-autorskypohled tag-jak-to-citim tag-jak-to-citim-2 tag-jaktocitim tag-mym-pohledem tag-mym-pohledem-2 tag-mympohledem tag-od-autora tag-odautora tag-odlisnost-2 tag-odlisnost tag-odlisovani-se tag-odlisovani-se-2 tag-pohledem-autora tag-vycnivani tag-vycnivani-2 tag-zevnitr-2 tag-zevnitr\">\n<h2 class=\"wp-block-post-title has-small-font-size\">10. \/ A2 &#8211; Odli\u0161nost (\u017ee by) samoz\u0159ejmost?<\/h2>\n\n<div class=\"wp-block-post-date\"><time datetime=\"2023-04-16T01:15:33+02:00\">16. 4. 2023<\/time><\/div>\n<\/li><li class=\"wp-block-post post-305 post type-post status-publish format-standard hentry category-pristup tag-prace-s-pocity tag-prace-s-pocity-2 tag-pristup tag-pristup-2 tag-rovnani tag-rovnani-2 tag-rovnani-s-radou tag-rovnani-s-radou-2\">\n<h2 class=\"wp-block-post-title has-small-font-size\">11. \/ P3 &#8211; Rovn\u00e1n\u00ed s \u0159adou<\/h2>\n\n<div class=\"wp-block-post-date\"><time datetime=\"2023-04-20T18:15:32+02:00\">20. 4. 2023<\/time><\/div>\n<\/li><li class=\"wp-block-post post-338 post type-post status-publish format-standard hentry category-pristup tag-asistent-pedagoga tag-asistent-ucitele tag-modifikace tag-modifikace-podminek tag-modifikace-vzdelavani tag-navod tag-pristup tag-skola tag-uprava-vzdelavani tag-vzdelavani\">\n<h2 class=\"wp-block-post-title has-small-font-size\">12. \/ P4 &#8211; \u00dapravy vzd\u011bl\u00e1vac\u00edch podm\u00ednek<\/h2>\n\n<div class=\"wp-block-post-date\"><time datetime=\"2023-05-26T23:51:09+02:00\">26. 5. 2023<\/time><\/div>\n<\/li><li class=\"wp-block-post post-439 post type-post status-publish format-standard hentry category-jine tag-motivace tag-ukoly tag-ukoly-2 tag-ulohy-2 tag-ulohy\">\n<h2 class=\"wp-block-post-title has-small-font-size\">13 \/ J2 &#8211; Motivace<\/h2>\n\n<div class=\"wp-block-post-date\"><time datetime=\"2025-08-23T10:52:15+02:00\">23. 8. 2025<\/time><\/div>\n<\/li><li class=\"wp-block-post post-69 post type-post status-publish format-standard hentry category-vlastnosti\">\n<h2 class=\"wp-block-post-title has-small-font-size\">2. \/ V1 &#8211; Stavy omezen\u00e9 schopnosti sebeovl\u00e1d\u00e1n\u00ed<\/h2>\n\n<div class=\"wp-block-post-date\"><time datetime=\"2022-12-21T10:55:14+01:00\">21. 12. 2022<\/time><\/div>\n<\/li><li class=\"wp-block-post post-76 post type-post status-publish format-standard hentry category-vlastnosti tag-odezva tag-rychlost\">\n<h2 class=\"wp-block-post-title has-small-font-size\">3. \/ V2 &#8211; Rychlost a odezva mozku<\/h2>\n\n<div class=\"wp-block-post-date\"><time datetime=\"2022-12-25T23:52:12+01:00\">25. 12. 2022<\/time><\/div>\n<\/li><li class=\"wp-block-post post-168 post type-post status-publish format-standard hentry category-pomocivzorcu tag-dle-vzorcu tag-ruznovekkost tag-ruznovekkost-2\">\n<h2 class=\"wp-block-post-title has-small-font-size\">4. \/ C1 &#8211; R\u016fznov\u011bkkost mozku<\/h2>\n\n<div class=\"wp-block-post-date\"><time datetime=\"2022-12-31T16:09:22+01:00\">31. 12. 2022<\/time><\/div>\n<\/li><li class=\"wp-block-post post-183 post type-post status-publish format-standard hentry category-vlastnosti\">\n<h2 class=\"wp-block-post-title has-small-font-size\">5. \/ V3 &#8211; D\u016fraz na postup a v\u00fdsledek<\/h2>\n\n<div class=\"wp-block-post-date\"><time datetime=\"2023-01-01T00:13:45+01:00\">1. 1. 2023<\/time><\/div>\n<\/li><li class=\"wp-block-post post-223 post type-post status-publish format-standard hentry category-vlastnosti tag-povinnosti tag-ukoly-2 tag-ukoly tag-ulohy tag-ulohy-2\">\n<h2 class=\"wp-block-post-title has-small-font-size\">6. \/ V4 &#8211; Vliv \u00faloh, \u00fakol\u016f a povinnost\u00ed<\/h2>\n\n<div class=\"wp-block-post-date\"><time datetime=\"2023-01-11T22:20:36+01:00\">11. 1. 2023<\/time><\/div>\n<\/li><li class=\"wp-block-post post-241 post type-post status-publish format-standard hentry category-vlastnosti tag-citeni tag-socialni\">\n<h2 class=\"wp-block-post-title has-small-font-size\">7. \/ V5 &#8211; Soci\u00e1ln\u00ed c\u00edt\u011bn\u00ed osob na autistick\u00e9m spektru<\/h2>\n\n<div class=\"wp-block-post-date\"><time datetime=\"2023-01-30T18:25:00+01:00\">30. 1. 2023<\/time><\/div>\n<\/li><li class=\"wp-block-post post-255 post type-post status-publish format-standard hentry category-pristup tag-modifikace tag-pristup tag-pristup-5 tag-ukoly-2 tag-ukoly tag-ulohy tag-ulohy-2 tag-zadani-2 tag-zadani\">\n<h2 class=\"wp-block-post-title has-small-font-size\">8 \/ P1 &#8211; Modifikace zad\u00e1n\u00ed \u00faloh<\/h2>\n\n<div class=\"wp-block-post-date\"><time datetime=\"2023-03-02T20:38:23+01:00\">2. 3. 2023<\/time><\/div>\n<\/li><li class=\"wp-block-post post-264 post type-post status-publish format-standard hentry category-pristup\">\n<h2 class=\"wp-block-post-title has-small-font-size\">9 \/ P2 &#8211; Smluvn\u00ed sign\u00e1ly<\/h2>\n\n<div class=\"wp-block-post-date\"><time datetime=\"2023-04-16T01:12:59+02:00\">16. 4. 2023<\/time><\/div>\n<\/li><li class=\"wp-block-post post-331 post type-post status-publish format-standard hentry category-jine\">\n<h2 class=\"wp-block-post-title has-small-font-size\">J1 &#8211; Zm\u011bna n\u00e1stroje pro odb\u011br novinek<\/h2>\n\n<div class=\"wp-block-post-date\"><time datetime=\"2023-05-01T19:29:03+02:00\">1. 5. 2023<\/time><\/div>\n<\/li><li class=\"wp-block-post post-441 post type-post status-publish format-standard hentry category-nezarazene\">\n<h2 class=\"wp-block-post-title has-small-font-size\">J3 &#8211; Prezentace a zvukov\u00fd z\u00e1znam z besedy v Poli\u010dce dne 24. z\u00e1\u0159\u00ed 2024<\/h2>\n\n<div class=\"wp-block-post-date\"><time datetime=\"2025-08-23T10:58:27+02:00\">23. 8. 2025<\/time><\/div>\n<\/li><\/ul>\n\n\n\n<\/div>\n\n\n\n<div class=\"is-layout-flow wp-block-query\"><\/div>\n\n\n\n<div style=\"padding:20px\" class=\"wp-block-tnp-minimal\"><p>Subscribe to our newsletter!<\/p><div><div class=\"tnp tnp-subscription \">\n<form method=\"post\" action=\"https:\/\/na-spektru.matyasp.eu\/wp-admin\/admin-ajax.php?action=tnp&amp;na=s\">\n<input type=\"hidden\" name=\"nlang\" value=\"\">\n<div class=\"tnp-field tnp-field-firstname\"><label for=\"tnp-1\">Jm\u00e9no \/ p\u0159ezd\u00edvka (nepovinn\u00e9)<\/label>\n<input class=\"tnp-name\" type=\"text\" name=\"nn\" id=\"tnp-1\" value=\"\" placeholder=\"\"><\/div>\n<div class=\"tnp-field tnp-field-email\"><label for=\"tnp-2\">Email<\/label>\n<input class=\"tnp-email\" type=\"email\" name=\"ne\" id=\"tnp-2\" value=\"\" placeholder=\"\" required><\/div>\n<div class=\"tnp-field tnp-privacy-field\"><label><input type=\"checkbox\" name=\"ny\" required class=\"tnp-privacy\"> Pokra\u010dov\u00e1n\u00edm p\u0159ij\u00edm\u00e1te z\u00e1sady ochrany osobn\u00edch \u00fadaj\u016f<\/label><\/div><div class=\"tnp-field tnp-field-button\" style=\"text-align: left\"><input class=\"tnp-submit\" type=\"submit\" value=\"P\u0159ihla\u0161uji odb\u011br novinek\" style=\"\">\n<\/div>\n<\/form>\n<\/div>\n<\/div><\/div>\n","protected":false},"excerpt":{"rendered":"<p>Informace uveden\u00e9 na webu vych\u00e1zej\u00ed zejm\u00e9na ze zku\u0161enost\u00ed a poznatk\u016f autora webu a poznatk\u016f dal\u0161\u00edch osob. Nejsou zalo\u017eeny striktn\u011b na \u00fadaj\u00edch definovan\u00fdch MKN \u010di DSM a dal\u0161\u00edch v\u0161eobecn\u011b platn\u00fdch l\u00e9ka\u0159sk\u00fdch klasifikac\u00edch. Nejnov\u011bj\u0161\u00ed \u010dl\u00e1nky: Zna\u010den\u00ed \u010dl\u00e1nk\u016f: \u010c\u00edslo \u010dl\u00e1nku celkov\u011b \/ rubrika a \u010d\u00edslo \u010dl\u00e1nku dle rubrikyA &#8211; Jak to vn\u00edm\u00e1m? (Jak to Autor vn\u00edm\u00e1)C &#8211; Chov\u00e1n\u00ed vyj\u00e1d\u0159en\u00e9 pomoc\u00ed vzorc\u016fJ &#8211; Jin\u00e9 p\u0159\u00edsp\u011bvkyP &#8211; P\u0159\u00edstup k osob\u00e1m na autistick\u00e9m spektruV &#8211; Vlastnosti osob na autistick\u00e9m spektru Rubriky: P\u0159ehled \u010dl\u00e1nk\u016f:<\/p>\n","protected":false},"author":1,"featured_media":0,"parent":0,"menu_order":0,"comment_status":"closed","ping_status":"closed","template":"","meta":{"zakra_page_container_layout":"customizer","zakra_page_sidebar_layout":"customizer","zakra_remove_content_margin":false,"zakra_sidebar":"customizer","zakra_transparent_header":"customizer","zakra_logo":0,"zakra_main_header_style":"default","zakra_menu_item_color":null,"zakra_menu_item_hover_color":"","zakra_menu_item_active_color":"","zakra_menu_active_style":"","zakra_page_header":true,"_bbp_topic_count":0,"_bbp_reply_count":0,"_bbp_total_topic_count":0,"_bbp_total_reply_count":0,"_bbp_voice_count":0,"_bbp_anonymous_reply_count":0,"_bbp_topic_count_hidden":0,"_bbp_reply_count_hidden":0,"_bbp_forum_subforum_count":0,"_uag_custom_page_level_css":""},"aioseo_notices":[],"uagb_featured_image_src":{"full":false,"thumbnail":false,"medium":false,"medium_large":false,"large":false,"1536x1536":false,"2048x2048":false,"qi_addons_for_elementor_image_size_square":false,"qi_addons_for_elementor_image_size_landscape":false,"qi_addons_for_elementor_image_size_portrait":false,"qi_addons_for_elementor_image_size_huge-square":false},"uagb_author_info":{"display_name":"MatyasP - Maty\u00e1\u0161 Pilz","author_link":"https:\/\/na-spektru.matyasp.eu\/index.php\/author\/matys-pilz\/"},"uagb_comment_info":0,"uagb_excerpt":"Informace uveden\u00e9 na webu vych\u00e1zej\u00ed zejm\u00e9na ze zku\u0161enost\u00ed a poznatk\u016f autora webu a poznatk\u016f dal\u0161\u00edch osob. Nejsou zalo\u017eeny striktn\u011b na \u00fadaj\u00edch definovan\u00fdch MKN \u010di DSM a dal\u0161\u00edch v\u0161eobecn\u011b platn\u00fdch l\u00e9ka\u0159sk\u00fdch klasifikac\u00edch. Nejnov\u011bj\u0161\u00ed \u010dl\u00e1nky: Zna\u010den\u00ed \u010dl\u00e1nk\u016f: \u010c\u00edslo \u010dl\u00e1nku celkov\u011b \/ rubrika a \u010d\u00edslo \u010dl\u00e1nku dle rubrikyA &#8211; Jak to vn\u00edm\u00e1m? (Jak to Autor vn\u00edm\u00e1)C &#8211; Chov\u00e1n\u00ed&hellip;","_links":{"self":[{"href":"https:\/\/na-spektru.matyasp.eu\/index.php\/wp-json\/wp\/v2\/pages\/97"}],"collection":[{"href":"https:\/\/na-spektru.matyasp.eu\/index.php\/wp-json\/wp\/v2\/pages"}],"about":[{"href":"https:\/\/na-spektru.matyasp.eu\/index.php\/wp-json\/wp\/v2\/types\/page"}],"author":[{"embeddable":true,"href":"https:\/\/na-spektru.matyasp.eu\/index.php\/wp-json\/wp\/v2\/users\/1"}],"replies":[{"embeddable":true,"href":"https:\/\/na-spektru.matyasp.eu\/index.php\/wp-json\/wp\/v2\/comments?post=97"}],"version-history":[{"count":13,"href":"https:\/\/na-spektru.matyasp.eu\/index.php\/wp-json\/wp\/v2\/pages\/97\/revisions"}],"predecessor-version":[{"id":334,"href":"https:\/\/na-spektru.matyasp.eu\/index.php\/wp-json\/wp\/v2\/pages\/97\/revisions\/334"}],"wp:attachment":[{"href":"https:\/\/na-spektru.matyasp.eu\/index.php\/wp-json\/wp\/v2\/media?parent=97"}],"curies":[{"name":"wp","href":"https:\/\/api.w.org\/{rel}","templated":true}]}}