{"id":7,"date":"2022-12-18T20:03:46","date_gmt":"2022-12-18T19:03:46","guid":{"rendered":"https:\/\/na-spektru.matyasp.eu\/?page_id=7"},"modified":"2023-05-30T13:33:19","modified_gmt":"2023-05-30T11:33:19","slug":"o-webu","status":"publish","type":"page","link":"https:\/\/na-spektru.matyasp.eu\/index.php\/o-webu\/","title":{"rendered":"O webu"},"content":{"rendered":"\n<p>Informace uveden\u00e9 na webu vych\u00e1zej\u00ed zejm\u00e9na ze zku\u0161enost\u00ed a poznatk\u016f autora webu a poznatk\u016f dal\u0161\u00edch osob. Nejsou zalo\u017eeny striktn\u011b na \u00fadaj\u00edch definovan\u00fdch MKN \u010di DSM a dal\u0161\u00edch v\u0161eobecn\u011b platn\u00fdch klasifikac\u00edch.<\/p>\n\n\n\n<p>Majitelem dom\u00e9ny <strong>matyasp.eu<\/strong> v\u010detn\u011b subdom\u00e9n je Maty\u00e1\u0161 Pilz.<\/p>\n\n\n\n<p>Autorem obsahu webu v\u010detn\u011b \u010dl\u00e1nk\u016f je Maty\u00e1\u0161 Pilz.<\/p>\n\n\n\n<p>Web je vytvo\u0159en pomoc\u00ed n\u00e1stroje WordPress.<\/p>\n\n\n\n<p>Kontakt na autora webu:<br>e-mail:<br>matys.pilz@gmail.com<\/p>\n\n\n\n<p><\/p>\n\n\n\n<p style=\"font-size:17px\"><span style=\"text-decoration: underline;\"><strong><mark style=\"background-color:rgba(0, 0, 0, 0);color:#aa0000\" class=\"has-inline-color\">Podm\u00ednky u\u017eit\u00ed d\u00edla<\/mark><\/strong><\/span><\/p>\n\n\n\n<p style=\"font-size:14px\">Ve\u0161ker\u00fd obsah webu je chr\u00e1n\u011bn autorsk\u00fdmi pr\u00e1vy. Autor povoluje libovoln\u00e9 \u0161\u00ed\u0159en\u00ed ve\u0161ker\u00e9ho zve\u0159ejn\u011bn\u00e9ho obsahu webu v\u010detn\u011b n\u00e1sledn\u00e9ho zpracov\u00e1n\u00ed, ov\u0161em v\u017edy s uveden\u00edm zdroje. V p\u0159\u00edpad\u011b \u0161\u00ed\u0159en\u00ed \u00faryvk\u016f pova\u017euji za z\u00e1klad slu\u0161nosti uveden\u00ed v\u017edy nejen zdroje, ale i kontextu.<\/p>\n\n\n\n<p>S uveden\u00edm zdroje je tak mo\u017en\u00e9 vyu\u017e\u00edt informac\u00ed a soubor\u016f poskytnut\u00fdm t\u00edmto webem nap\u0159\u00edklad (nikoliv v\u0161ak pouze) pro:<\/p>\n\n\n\n<ol>\n<li>Zpracov\u00e1v\u00e1n\u00ed refer\u00e1t\u016f, prezentac\u00ed a z\u00e1v\u011bre\u010dn\u00fdch prac\u00ed (maturitn\u00edch, bakal\u00e1\u0159sk\u00fdch, diplomov\u00fdch, rigor\u00f3zn\u00edch, diserta\u010dn\u00edch, habilita\u010dn\u00edch \u010di jin\u00fdch)<\/li>\n\n\n\n<li>P\u0159\u00edprav\u011b a pr\u016fb\u011bhu rozhovor\u016f (v\u010detn\u011b rozhovor\u016f zve\u0159ejn\u011bn\u00fdch pouze pro u\u017eivatele s p\u0159edplatn\u00fdm)<\/li>\n\n\n\n<li>Publika\u010dn\u00ed \u010dinnosti, zejm\u00e9na pak v p\u0159\u00edpad\u011b organizac\u00ed zab\u00fdvaj\u00edc\u00edch se \u010dinnost\u00ed s osobami na autistick\u00e9m spektru, a to v\u010detn\u011b prod\u00e1van\u00fdch knih a e-knih<\/li>\n\n\n\n<li>Osv\u011btovou \u010dinnost o osob\u00e1ch na autistick\u00e9m spektru<\/li>\n\n\n\n<li>Manu\u00e1ly a vzd\u011bl\u00e1vac\u00ed \u010dinnost<\/li>\n<\/ol>\n\n\n\n<p><\/p>\n\n\n\n<p><\/p>\n\n\n\n<p><\/p>\n\n\n\n<div style=\"height:65px\" aria-hidden=\"true\" class=\"wp-block-spacer\"><\/div>\n","protected":false},"excerpt":{"rendered":"<p>Informace uveden\u00e9 na webu vych\u00e1zej\u00ed zejm\u00e9na ze zku\u0161enost\u00ed a poznatk\u016f autora webu a poznatk\u016f dal\u0161\u00edch osob. Nejsou zalo\u017eeny striktn\u011b na \u00fadaj\u00edch definovan\u00fdch MKN \u010di DSM a dal\u0161\u00edch v\u0161eobecn\u011b platn\u00fdch klasifikac\u00edch. Majitelem dom\u00e9ny matyasp.eu v\u010detn\u011b subdom\u00e9n je Maty\u00e1\u0161 Pilz. Autorem obsahu webu v\u010detn\u011b \u010dl\u00e1nk\u016f je Maty\u00e1\u0161 Pilz. Web je vytvo\u0159en pomoc\u00ed n\u00e1stroje WordPress. Kontakt na autora webu:e-mail:matys.pilz@gmail.com Podm\u00ednky u\u017eit\u00ed d\u00edla Ve\u0161ker\u00fd obsah webu je chr\u00e1n\u011bn autorsk\u00fdmi pr\u00e1vy. Autor povoluje libovoln\u00e9 \u0161\u00ed\u0159en\u00ed ve\u0161ker\u00e9ho zve\u0159ejn\u011bn\u00e9ho obsahu webu v\u010detn\u011b n\u00e1sledn\u00e9ho zpracov\u00e1n\u00ed, ov\u0161em v\u017edy s uveden\u00edm zdroje. V p\u0159\u00edpad\u011b \u0161\u00ed\u0159en\u00ed \u00faryvk\u016f pova\u017euji za z\u00e1klad slu\u0161nosti uveden\u00ed v\u017edy nejen zdroje, ale i kontextu. S uveden\u00edm zdroje je tak mo\u017en\u00e9 vyu\u017e\u00edt informac\u00ed a soubor\u016f poskytnut\u00fdm t\u00edmto webem nap\u0159\u00edklad (nikoliv v\u0161ak pouze) pro:<\/p>\n","protected":false},"author":1,"featured_media":0,"parent":0,"menu_order":0,"comment_status":"closed","ping_status":"closed","template":"","meta":{"zakra_page_container_layout":"customizer","zakra_page_sidebar_layout":"customizer","zakra_remove_content_margin":false,"zakra_sidebar":"customizer","zakra_transparent_header":"customizer","zakra_logo":0,"zakra_main_header_style":"default","zakra_menu_item_color":null,"zakra_menu_item_hover_color":"","zakra_menu_item_active_color":"","zakra_menu_active_style":"","zakra_page_header":true,"_bbp_topic_count":0,"_bbp_reply_count":0,"_bbp_total_topic_count":0,"_bbp_total_reply_count":0,"_bbp_voice_count":0,"_bbp_anonymous_reply_count":0,"_bbp_topic_count_hidden":0,"_bbp_reply_count_hidden":0,"_bbp_forum_subforum_count":0,"_uag_custom_page_level_css":""},"aioseo_notices":[],"uagb_featured_image_src":{"full":false,"thumbnail":false,"medium":false,"medium_large":false,"large":false,"1536x1536":false,"2048x2048":false,"qi_addons_for_elementor_image_size_square":false,"qi_addons_for_elementor_image_size_landscape":false,"qi_addons_for_elementor_image_size_portrait":false,"qi_addons_for_elementor_image_size_huge-square":false},"uagb_author_info":{"display_name":"MatyasP - Maty\u00e1\u0161 Pilz","author_link":"https:\/\/na-spektru.matyasp.eu\/index.php\/author\/matys-pilz\/"},"uagb_comment_info":0,"uagb_excerpt":"Informace uveden\u00e9 na webu vych\u00e1zej\u00ed zejm\u00e9na ze zku\u0161enost\u00ed a poznatk\u016f autora webu a poznatk\u016f dal\u0161\u00edch osob. Nejsou zalo\u017eeny striktn\u011b na \u00fadaj\u00edch definovan\u00fdch MKN \u010di DSM a dal\u0161\u00edch v\u0161eobecn\u011b platn\u00fdch klasifikac\u00edch. Majitelem dom\u00e9ny matyasp.eu v\u010detn\u011b subdom\u00e9n je Maty\u00e1\u0161 Pilz. Autorem obsahu webu v\u010detn\u011b \u010dl\u00e1nk\u016f je Maty\u00e1\u0161 Pilz. Web je vytvo\u0159en pomoc\u00ed n\u00e1stroje WordPress. Kontakt na autora&hellip;","_links":{"self":[{"href":"https:\/\/na-spektru.matyasp.eu\/index.php\/wp-json\/wp\/v2\/pages\/7"}],"collection":[{"href":"https:\/\/na-spektru.matyasp.eu\/index.php\/wp-json\/wp\/v2\/pages"}],"about":[{"href":"https:\/\/na-spektru.matyasp.eu\/index.php\/wp-json\/wp\/v2\/types\/page"}],"author":[{"embeddable":true,"href":"https:\/\/na-spektru.matyasp.eu\/index.php\/wp-json\/wp\/v2\/users\/1"}],"replies":[{"embeddable":true,"href":"https:\/\/na-spektru.matyasp.eu\/index.php\/wp-json\/wp\/v2\/comments?post=7"}],"version-history":[{"count":7,"href":"https:\/\/na-spektru.matyasp.eu\/index.php\/wp-json\/wp\/v2\/pages\/7\/revisions"}],"predecessor-version":[{"id":414,"href":"https:\/\/na-spektru.matyasp.eu\/index.php\/wp-json\/wp\/v2\/pages\/7\/revisions\/414"}],"wp:attachment":[{"href":"https:\/\/na-spektru.matyasp.eu\/index.php\/wp-json\/wp\/v2\/media?parent=7"}],"curies":[{"name":"wp","href":"https:\/\/api.w.org\/{rel}","templated":true}]}}