{"id":433,"date":"2025-08-23T10:37:59","date_gmt":"2025-08-23T08:37:59","guid":{"rendered":"https:\/\/na-spektru.matyasp.eu\/?page_id=433"},"modified":"2025-08-23T10:49:50","modified_gmt":"2025-08-23T08:49:50","slug":"13-j2-motivaceold","status":"publish","type":"page","link":"https:\/\/na-spektru.matyasp.eu\/index.php\/13-j2-motivaceold\/","title":{"rendered":"13 \/ J2 &#8211; Motivace"},"content":{"rendered":"\n<p>Vzhledem k tomu, \u017ee zde nen\u00ed kategorie &#8222;n\u00e1vody&#8220;, &#8222;rady&#8220; ani &#8222;doporu\u010den\u00ed&#8220;, je \u010dl\u00e1nek um\u00edst\u011bn do kategorie &#8222;Jin\u00e9&#8220;.<\/p>\n\n\n\n<p>Autorovi je zn\u00e1mo, \u017ee pro n\u011bkoho m\u016f\u017ee b\u00fdt obsah \u010dl\u00e1nku nevy\u017e\u00e1danou radu, jin\u00e9mu m\u016f\u017ee v\u0161e obsa\u017een\u00e9 nefungovat \u010di b\u00fdt pro n\u011bj nerealizovateln\u00e9.<\/p>\n\n\n\n<p>N\u011bkolik motiva\u010dn\u00edch rad &#8211; snad co nejv\u00edce u\u017eite\u010dn\u00fdch &#8211; p\u0159in\u00e1\u0161\u00edm n\u00ed\u017ee:<\/p>\n\n\n\n<ol>\n<li>Nekoukat, co je zb\u00fdv\u00e1 p\u0159ede mnou, ale br\u00e1t v \u00favahu jen to, co u\u017e je za mnou.\n<ul>\n<li>pokud je c\u00edl v kr\u00e1tk\u00e9 dob\u011b dosa\u017eiteln\u00fd a jste p\u0159i jeho stanovov\u00e1n\u00ed p\u0159esv\u011bd\u010deni, \u017ee ho opravdu zvl\u00e1dnete bez velk\u00e9ho rizika<\/li>\n\n\n\n<li>motivace tkv\u00ed jednak v tom, \u017ee se kouk\u00e1me na to, co u\u017e m\u00e1me, ne na to, co zat\u00edm nem\u00e1me<\/li>\n\n\n\n<li>v\u00fdhodou je tak\u00e9, \u017ee p\u0159ib\u00fdv\u00e1, \u010deho m\u00e1m &#8211; a ne ub\u00fdv\u00e1<\/li>\n\n\n\n<li>zvl\u00e1\u0161t\u011b u\u017eite\u010dn\u00e9 pro osoby se vzdoruj\u00edc\u00ed povahou, nebo\u0165 udr\u017euje v du\u0161i pocit &#8222;n\u00e1r\u016fstu bohatstv\u00ed&#8220; oproti pocitu &#8222;zb\u00fdvaj\u00edc\u00edch vnucenost\u00ed&#8220;<\/li>\n<\/ul>\n<\/li>\n\n\n\n<li>Nen\u00ed nutn\u00e9 b\u00fdt na v\u0161e s\u00e1m\n<ul>\n<li>A\u010dkoli se mnohde mluv\u00ed o tom, \u017ee osoby se zv\u00fd\u0161enou m\u00edru autisti\u010dnosti jsou sp\u00ed\u0161e samot\u00e1\u0159sk\u00e9 a maj\u00ed r\u00e1dy samostatnost (co\u017e do jist\u00e9 m\u00edry je pravda), \u010dast\u00fdm jevem v\u0161ak je, \u017ee si jen nedok\u00e1\u017eou \u0159\u00edci o pomoc nebo o vhodnou pomoc, kdy\u017e si s n\u011b\u010d\u00edm nev\u011bd\u00ed rady. A mnoh\u00e9 jsou ne tak moc introvertn\u00ed, ne tak moc samostatn\u00e9, mnoz\u00ed jsou i velmi spole\u010den\u0161t\u00ed.<\/li>\n\n\n\n<li>\u010casto b\u00fdv\u00e1 p\u0159i kon\u00e1n\u00ed \u00fakolu p\u0159ek\u00e1\u017ekou, \u017ee jeho rozsah je nadm\u011brn\u00fd. \u010casto se doporu\u010duje rozd\u011blit si to na kousky, nicm\u00e9n\u011b i tento p\u0159\u00edstup m\u00e1 sv\u00e1 \u00faskal\u00ed (p\u0159\u00edli\u0161 mal\u00fd d\u00edl\u010d\u00ed c\u00edl, p\u0159\u00edli\u0161 velk\u00fd kus, nevhodn\u00e9 m\u00edsto rozd\u011blen\u00ed&#8230;); to bude bl\u00ed\u017ee rozebr\u00e1no n\u011bkdy pozd\u011bji<\/li>\n\n\n\n<li>Jsou v\u0161ak t\u00e9\u017e nevz\u00e1cn\u00e9 p\u0159\u00edpady, kdy p\u0159ek\u00e1\u017ekou je samotn\u00e1 n\u011bkter\u00e1 d\u00edl\u010d\u00ed \u010d\u00e1st &#8211; zde se jednak vyplat\u00ed hledt alternativy, ka\u017edop\u00e1dn\u011b zde d\u00e1v\u00e1 smysl i po\u017e\u00e1dat o pomoc, neb\u00fdt na to s\u00e1m&#8230;<\/li>\n<\/ul>\n<\/li>\n\n\n\n<li>Co m\u00e1m, na tom jde stav\u011bt\n<ul>\n<li>Kdy\u017e n\u011bco ud\u011bl\u00e1te &#8211; a\u0165 u\u017e jakkoli &#8211; z\u00edsk\u00e1te t\u00edm ur\u010ditou zku\u0161enost. Mo\u017en\u00e1 malou, mo\u017en\u00e1 nep\u0159\u00edjemnou, mo\u017en\u00e1 pro v\u00e1s nepochopitelnou&#8230; ale n\u011bjakou z\u00edsk\u00e1te. S p\u0159ib\u00fdvaj\u00edc\u00edmi zku\u0161enostmi lze na p\u0159edchoz\u00edch stav\u011bt.<\/li>\n\n\n\n<li>Nen\u00ed-li jistota, kterou z cest zvolit, vyplat\u00ed se mnohdy &#8211; kdy\u017e to jde &#8211; rozd\u011blit to na v\u011btve, nap\u0159. jak plnit buchty? \u010c\u00e1st ud\u011blat jedn\u00edm zp\u016fsobem a \u010d\u00e1st druh\u00fdm&#8230;<\/li>\n\n\n\n<li>V p\u0159\u00edpad\u011b tvorby digit\u00e1ln\u00edch d\u011bl je situace je\u0161t\u011b snaz\u0161\u00ed &#8211; hodn\u011b se vyplat\u00ed ukl\u00e1dat si d\u00edl\u010d\u00ed verze a d\u011blat si pozn\u00e1mky (bokem nebo na vhodn\u00e9 m\u00edsto p\u0159\u00edmo do d\u00edla). A kop\u00edrovat, m\u00edchat, zkou\u0161et&#8230; <\/li>\n<\/ul>\n<\/li>\n<\/ol>\n","protected":false},"excerpt":{"rendered":"<p>Vzhledem k tomu, \u017ee zde nen\u00ed kategorie &#8222;n\u00e1vody&#8220;, &#8222;rady&#8220; ani &#8222;doporu\u010den\u00ed&#8220;, je \u010dl\u00e1nek um\u00edst\u011bn do kategorie &#8222;Jin\u00e9&#8220;. Autorovi je zn\u00e1mo, \u017ee pro n\u011bkoho m\u016f\u017ee b\u00fdt obsah \u010dl\u00e1nku nevy\u017e\u00e1danou radu, jin\u00e9mu m\u016f\u017ee v\u0161e obsa\u017een\u00e9 nefungovat \u010di b\u00fdt pro n\u011bj nerealizovateln\u00e9. N\u011bkolik motiva\u010dn\u00edch rad &#8211; snad co nejv\u00edce u\u017eite\u010dn\u00fdch &#8211; p\u0159in\u00e1\u0161\u00edm n\u00ed\u017ee:<\/p>\n","protected":false},"author":1,"featured_media":0,"parent":0,"menu_order":0,"comment_status":"closed","ping_status":"closed","template":"","meta":{"zakra_page_container_layout":"customizer","zakra_page_sidebar_layout":"customizer","zakra_remove_content_margin":false,"zakra_sidebar":"customizer","zakra_transparent_header":"customizer","zakra_logo":0,"zakra_main_header_style":"default","zakra_menu_item_color":"","zakra_menu_item_hover_color":"","zakra_menu_item_active_color":"","zakra_menu_active_style":"","zakra_page_header":true,"_bbp_topic_count":0,"_bbp_reply_count":0,"_bbp_total_topic_count":0,"_bbp_total_reply_count":0,"_bbp_voice_count":0,"_bbp_anonymous_reply_count":0,"_bbp_topic_count_hidden":0,"_bbp_reply_count_hidden":0,"_bbp_forum_subforum_count":0,"_uag_custom_page_level_css":""},"aioseo_notices":[],"uagb_featured_image_src":{"full":false,"thumbnail":false,"medium":false,"medium_large":false,"large":false,"1536x1536":false,"2048x2048":false,"qi_addons_for_elementor_image_size_square":false,"qi_addons_for_elementor_image_size_landscape":false,"qi_addons_for_elementor_image_size_portrait":false,"qi_addons_for_elementor_image_size_huge-square":false},"uagb_author_info":{"display_name":"MatyasP - Maty\u00e1\u0161 Pilz","author_link":"https:\/\/na-spektru.matyasp.eu\/index.php\/author\/matys-pilz\/"},"uagb_comment_info":0,"uagb_excerpt":"Vzhledem k tomu, \u017ee zde nen\u00ed kategorie &#8222;n\u00e1vody&#8220;, &#8222;rady&#8220; ani &#8222;doporu\u010den\u00ed&#8220;, je \u010dl\u00e1nek um\u00edst\u011bn do kategorie &#8222;Jin\u00e9&#8220;. Autorovi je zn\u00e1mo, \u017ee pro n\u011bkoho m\u016f\u017ee b\u00fdt obsah \u010dl\u00e1nku nevy\u017e\u00e1danou radu, jin\u00e9mu m\u016f\u017ee v\u0161e obsa\u017een\u00e9 nefungovat \u010di b\u00fdt pro n\u011bj nerealizovateln\u00e9. N\u011bkolik motiva\u010dn\u00edch rad &#8211; snad co nejv\u00edce u\u017eite\u010dn\u00fdch &#8211; p\u0159in\u00e1\u0161\u00edm n\u00ed\u017ee:","_links":{"self":[{"href":"https:\/\/na-spektru.matyasp.eu\/index.php\/wp-json\/wp\/v2\/pages\/433"}],"collection":[{"href":"https:\/\/na-spektru.matyasp.eu\/index.php\/wp-json\/wp\/v2\/pages"}],"about":[{"href":"https:\/\/na-spektru.matyasp.eu\/index.php\/wp-json\/wp\/v2\/types\/page"}],"author":[{"embeddable":true,"href":"https:\/\/na-spektru.matyasp.eu\/index.php\/wp-json\/wp\/v2\/users\/1"}],"replies":[{"embeddable":true,"href":"https:\/\/na-spektru.matyasp.eu\/index.php\/wp-json\/wp\/v2\/comments?post=433"}],"version-history":[{"count":1,"href":"https:\/\/na-spektru.matyasp.eu\/index.php\/wp-json\/wp\/v2\/pages\/433\/revisions"}],"predecessor-version":[{"id":434,"href":"https:\/\/na-spektru.matyasp.eu\/index.php\/wp-json\/wp\/v2\/pages\/433\/revisions\/434"}],"wp:attachment":[{"href":"https:\/\/na-spektru.matyasp.eu\/index.php\/wp-json\/wp\/v2\/media?parent=433"}],"curies":[{"name":"wp","href":"https:\/\/api.w.org\/{rel}","templated":true}]}}