{"id":101,"date":"2022-12-27T13:22:46","date_gmt":"2022-12-27T12:22:46","guid":{"rendered":"https:\/\/na-spektru.matyasp.eu\/?page_id=101"},"modified":"2023-05-27T00:22:05","modified_gmt":"2023-05-26T22:22:05","slug":"pripravovane-clanky","status":"publish","type":"page","link":"https:\/\/na-spektru.matyasp.eu\/index.php\/pripravovane-clanky\/","title":{"rendered":"P\u0159ipravovan\u00e9 \u010dl\u00e1nky"},"content":{"rendered":"\n<ol start=\"1\">\n<li>V \\ Zdroje \u00fanavy\n<ul>\n<li>P \\ Jak p\u0159edch\u00e1zet nadm\u011brn\u00e9 \u00fanav\u011b<\/li>\n<\/ul>\n<\/li>\n\n\n\n<li>V \\ Zp\u016fsoby vyj\u00e1d\u0159en\u00ed pocit\u016f a my\u0161lenek<\/li>\n\n\n\n<li>V \\ Nejednozna\u010dnost zad\u00e1n\u00ed (pl\u00e1n: do 7\/2023, rozpracov\u00e1no)<\/li>\n\n\n\n<li><s>P \\ \u00dalohy, \u00fakoly, povinnosti<\/s>\n<ul>\n<li><s>P \\ Modifikace zad\u00e1n\u00ed \u00faloh<\/s>\n<ul>\n<li>A \\ Jak\u00e9 modifikace mi pom\u00e1haj\u00ed a jak\u00e9 ne<\/li>\n\n\n\n<li>P \\ Algoritmizace \u00faloh<\/li>\n<\/ul>\n<\/li>\n<\/ul>\n<\/li>\n\n\n\n<li>V \\ Vztah k po\u0159\u00e1dku a \u00faklid (pl\u00e1n: do 7\/2023)<\/li>\n\n\n\n<li>V \\ Potenci\u00e1l osob na autistick\u00e9m spektru\n<ul>\n<li>P \\ Jak vyu\u017e\u00edt potenci\u00e1lu osob na autistick\u00e9m spektru<\/li>\n<\/ul>\n<\/li>\n\n\n\n<li>V \\ Mo\u017enosti zlep\u0161en\u00ed vz\u00e1jemn\u00e9ho porozum\u011bn\u00ed\n<ul>\n<li><s>P \\ Smluvn\u00ed sign\u00e1ly<\/s><\/li>\n<\/ul>\n<\/li>\n\n\n\n<li>V \\ Zdroje stresu a mo\u017en\u00e1 \u0159e\u0161en\u00ed\n<ul>\n<li>V \\ Zdroje stresu ve \u0161kole a mo\u017en\u00e1 \u0159e\u0161en\u00ed (pl\u00e1n: do 8\/2023, z velk\u00e9 \u010d\u00e1sti obsa\u017eeno v 12. \/ P4)<\/li>\n\n\n\n<li>V \\ Zdroje stresu v obchod\u011b a mo\u017en\u00e1 \u0159e\u0161en\u00ed<\/li>\n\n\n\n<li>V \\ Zdroje stresu v muzeu a mo\u017en\u00e1 \u0159e\u0161en\u00ed<\/li>\n<\/ul>\n<\/li>\n\n\n\n<li>V \\ Roz\u010diluj\u00edc\u00ed \u010dast\u00e1 tvrzen\u00ed<\/li>\n\n\n\n<li>V \\ Odpor a vzdor (pl\u00e1n: do 7\/2023)\n<ul>\n<li>C \\ Indukovan\u00e9 pot\u0159eby a po\u017eadavky<\/li>\n<\/ul>\n<\/li>\n\n\n\n<li>V \\ P\u0159esnost, m\u00edra, hranice, \u0161k\u00e1la (pl\u00e1n: do 7\/2023, rozpracov\u00e1no)\n<ul>\n<li>A \\ M\u00edry a \u0161k\u00e1ly dle m\u00e9ho vn\u00edm\u00e1n\u00ed (pl\u00e1n: do 12\/2023)<\/li>\n<\/ul>\n<\/li>\n\n\n\n<li>V \\ Nesoust\u0159ed\u011bnost\n<ul>\n<li>P \\ Nesoust\u0159ed\u011bnost a &#8222;n\u00e1vrat do reality&#8220; (pl\u00e1n: do 12\/2023)<\/li>\n<\/ul>\n<\/li>\n\n\n\n<li>V \\ Z\u00e1jmy a zam\u011b\u0159en\u00ed<\/li>\n\n\n\n<li>V \\ Zp\u016fsoby komunikace a projevu pocit\u016f<\/li>\n\n\n\n<li>V \\ Up\u0159\u00edmnost<\/li>\n\n\n\n<li>V \\ Vn\u00edm\u00e1n\u00ed spole\u010densk\u00fdch jev\u016f<\/li>\n\n\n\n<li>J \\ \u010cast\u00e9 m\u00fdty &#8211; \u010d\u00edm jsou podlo\u017eeny a jak jsou bl\u00edzko realit\u011b? (pl\u00e1n: do 12\/2023, \u010d\u00e1ste\u010dn\u011b rozpracov\u00e1no)<\/li>\n\n\n\n<li>A \\ \u010c\u00edm (by) mi, \u017e\u00e1kovi, byl asistent pedagoga nejv\u00edce n\u00e1pomocen? (pl\u00e1n: do 12\/2023)<\/li>\n\n\n\n<li>A \\ Osobn\u00ed identita &#8211; styl a vzhled<\/li>\n\n\n\n<li>A \\ Lidskost chyby<\/li>\n\n\n\n<li>P \\ Opakov\u00e1n\u00ed pocitu ob\u011bti a jak z toho ven<\/li>\n\n\n\n<li>V \\ Vliv upozor\u0148ov\u00e1n\u00ed a dal\u0161\u00edch z\u00e1sah\u016f do \u010dinnosti (pl\u00e1n: do 12\/2023)<\/li>\n\n\n\n<li>V \\ Pam\u011b\u0165 a vst\u0159eb\u00e1v\u00e1n\u00ed informac\u00ed (pl\u00e1n: do 12\/2023)<\/li>\n\n\n\n<li>P \\ Skupinov\u00e1 pr\u00e1ce u osob na spektru &#8211; na co si d\u00e1t pozor? (pl\u00e1n: do 8\/2023)<\/li>\n\n\n\n<li>V \\ P\u0159ehled nejtypi\u010dt\u011bj\u0161\u00edch vlastnost\u00ed osob na autistick\u00e9m spektru<\/li>\n\n\n\n<li>V \\ Jak\u00fdmi vlastnostmi osoby na spektru p\u016fsob\u00ed, a jak\u00e9 re\u00e1ln\u00e9 vlastnosti se za t\u00edm skr\u00fdvaj\u00ed?<\/li>\n\n\n\n<li>V \\ Vyb\u00edravost<\/li>\n\n\n\n<li>P \\ Rovn\u00e1n\u00ed s \u0159adou (vyd\u00e1no jako \u010dl\u00e1nek 11. \/ P3)<\/li>\n\n\n\n<li>C \\ Vznik a v\u00fdvoj odporu<\/li>\n\n\n\n<li>P \\ Jak na \u00fazkosti<\/li>\n\n\n\n<li>V \\ Pohodl\u00ed \u00d7 snesitelnost (pl\u00e1n: do 7\/2023, rozpracov\u00e1no)<\/li>\n\n\n\n<li>P \\ Zvy\u0161ov\u00e1n\u00ed odolnosti (pl\u00e1n: do 7\/2023, \u010d\u00e1ste\u010dn\u011b rozpracov\u00e1no)<\/li>\n\n\n\n<li>A \\ Jak se u mne v dosp\u011blosti projevuj\u00ed znaky autistick\u00e9ho spektra?<\/li>\n\n\n\n<li>P \\ Rady pro mimo\u0161koln\u00ed pedagogy p\u0159i pr\u00e1ci s osobami na autistick\u00e9m spektru (pl\u00e1n: do 7\/2023)<\/li>\n\n\n\n<li>V \\ Typologie a kategorizace (ofici\u00e1ln\u00ed klasifikace, a k tomu autorova klasifikace dle projevov\u00fdch typ\u016f)<\/li>\n\n\n\n<li>V \\ Pravidla a p\u0159esnost\n<ul>\n<li>P \\ Sn\u00ed\u017een\u00ed z\u00e1t\u011b\u017ee v d\u016fsledku nenapln\u011bn\u00ed p\u0159esnosti a pravidel<\/li>\n<\/ul>\n<\/li>\n\n\n\n<li>P \\ \u0160ikana a jak nad n\u00ed vyhr\u00e1t<\/li>\n<\/ol>\n\n\n\n<div class=\"wp-block-comments has-normal-font-size\">\n\n\n\n\n\n\t<div id=\"respond\" class=\"comment-respond wp-block-post-comments-form has-normal-font-size\">\r\n\t\t<h3 id=\"reply-title\" class=\"comment-reply-title\">Napsat koment\u00e1\u0159 <small><a rel=\"nofollow\" id=\"cancel-comment-reply-link\" href=\"\/index.php\/wp-json\/wp\/v2\/pages\/101#respond\" style=\"display:none;\">Zru\u0161it odpov\u011b\u010f na koment\u00e1\u0159<\/a><\/small><\/h3><form action=\"https:\/\/na-spektru.matyasp.eu\/wp-comments-post.php\" method=\"post\" id=\"commentform\" class=\"comment-form\" novalidate><p class=\"comment-notes\"><span id=\"email-notes\">Va\u0161e e-mailov\u00e1 adresa nebude zve\u0159ejn\u011bna.<\/span> <span class=\"required-field-message\">Vy\u017eadovan\u00e9 informace jsou ozna\u010deny <span class=\"required\">*<\/span><\/span><\/p><p class=\"comment-form-comment\"><label for=\"comment\">Koment\u00e1\u0159 <span class=\"required\">*<\/span><\/label> <textarea id=\"comment\" name=\"comment\" cols=\"45\" rows=\"8\" maxlength=\"65525\" required><\/textarea><\/p><p class=\"comment-form-author\"><label for=\"author\">Jm\u00e9no <span class=\"required\">*<\/span><\/label> <input id=\"author\" name=\"author\" type=\"text\" value=\"\" size=\"30\" maxlength=\"245\" autocomplete=\"name\" required \/><\/p>\n<p class=\"comment-form-email\"><label for=\"email\">E-mail <span class=\"required\">*<\/span><\/label> <input id=\"email\" name=\"email\" type=\"email\" value=\"\" size=\"30\" maxlength=\"100\" aria-describedby=\"email-notes\" autocomplete=\"email\" required \/><\/p>\n<p class=\"comment-form-url\"><label for=\"url\">Webov\u00e1 str\u00e1nka<\/label> <input id=\"url\" name=\"url\" type=\"url\" value=\"\" size=\"30\" maxlength=\"200\" autocomplete=\"url\" \/><\/p>\n<p class=\"comment-form-cookies-consent\"><input id=\"wp-comment-cookies-consent\" name=\"wp-comment-cookies-consent\" type=\"checkbox\" value=\"yes\" \/> <label for=\"wp-comment-cookies-consent\">Ulo\u017eit do prohl\u00ed\u017ee\u010de jm\u00e9no, e-mail a webovou str\u00e1nku pro budouc\u00ed koment\u00e1\u0159e.<\/label><\/p>\n<p class=\"form-submit\"><input name=\"submit\" type=\"submit\" id=\"submit\" class=\"submit\" value=\"Odeslat koment\u00e1\u0159\" \/> <input type='hidden' name='comment_post_ID' value='101' id='comment_post_ID' \/>\n<input type='hidden' name='comment_parent' id='comment_parent' value='0' \/>\n<\/p><p style=\"display: none;\"><input type=\"hidden\" id=\"akismet_comment_nonce\" name=\"akismet_comment_nonce\" value=\"0753c2dde7\" \/><\/p><p style=\"display: none !important;\" class=\"akismet-fields-container\" data-prefix=\"ak_\"><label>&#916;<textarea name=\"ak_hp_textarea\" cols=\"45\" rows=\"8\" maxlength=\"100\"><\/textarea><\/label><input type=\"hidden\" id=\"ak_js_1\" name=\"ak_js\" value=\"25\"\/><script type=\"text\/javascript\">\ndocument.getElementById( \"ak_js_1\" ).setAttribute( \"value\", ( new Date() ).getTime() );\n<\/script>\n<\/p><\/form>\t<\/div><!-- #respond -->\r\n\t<\/div>\n","protected":false},"excerpt":{"rendered":"","protected":false},"author":1,"featured_media":0,"parent":0,"menu_order":0,"comment_status":"open","ping_status":"closed","template":"","meta":{"zakra_page_container_layout":"customizer","zakra_page_sidebar_layout":"customizer","zakra_remove_content_margin":false,"zakra_sidebar":"customizer","zakra_transparent_header":"customizer","zakra_logo":0,"zakra_main_header_style":"default","zakra_menu_item_color":null,"zakra_menu_item_hover_color":"","zakra_menu_item_active_color":"","zakra_menu_active_style":"","zakra_page_header":true,"_bbp_topic_count":0,"_bbp_reply_count":0,"_bbp_total_topic_count":0,"_bbp_total_reply_count":0,"_bbp_voice_count":0,"_bbp_anonymous_reply_count":0,"_bbp_topic_count_hidden":0,"_bbp_reply_count_hidden":0,"_bbp_forum_subforum_count":0,"_uag_custom_page_level_css":""},"aioseo_notices":[],"uagb_featured_image_src":{"full":false,"thumbnail":false,"medium":false,"medium_large":false,"large":false,"1536x1536":false,"2048x2048":false,"qi_addons_for_elementor_image_size_square":false,"qi_addons_for_elementor_image_size_landscape":false,"qi_addons_for_elementor_image_size_portrait":false,"qi_addons_for_elementor_image_size_huge-square":false},"uagb_author_info":{"display_name":"MatyasP - Maty\u00e1\u0161 Pilz","author_link":"https:\/\/na-spektru.matyasp.eu\/index.php\/author\/matys-pilz\/"},"uagb_comment_info":0,"uagb_excerpt":null,"_links":{"self":[{"href":"https:\/\/na-spektru.matyasp.eu\/index.php\/wp-json\/wp\/v2\/pages\/101"}],"collection":[{"href":"https:\/\/na-spektru.matyasp.eu\/index.php\/wp-json\/wp\/v2\/pages"}],"about":[{"href":"https:\/\/na-spektru.matyasp.eu\/index.php\/wp-json\/wp\/v2\/types\/page"}],"author":[{"embeddable":true,"href":"https:\/\/na-spektru.matyasp.eu\/index.php\/wp-json\/wp\/v2\/users\/1"}],"replies":[{"embeddable":true,"href":"https:\/\/na-spektru.matyasp.eu\/index.php\/wp-json\/wp\/v2\/comments?post=101"}],"version-history":[{"count":30,"href":"https:\/\/na-spektru.matyasp.eu\/index.php\/wp-json\/wp\/v2\/pages\/101\/revisions"}],"predecessor-version":[{"id":391,"href":"https:\/\/na-spektru.matyasp.eu\/index.php\/wp-json\/wp\/v2\/pages\/101\/revisions\/391"}],"wp:attachment":[{"href":"https:\/\/na-spektru.matyasp.eu\/index.php\/wp-json\/wp\/v2\/media?parent=101"}],"curies":[{"name":"wp","href":"https:\/\/api.w.org\/{rel}","templated":true}]}}